{"id":197,"date":"2023-07-18T14:36:30","date_gmt":"2023-07-18T12:36:30","guid":{"rendered":"http:\/\/La%20Sonrisa%20de%20Guille"},"modified":"2025-11-21T17:57:53","modified_gmt":"2025-11-21T16:57:53","slug":"boligrafo-de-la-sonrisa-de-guille","status":"publish","type":"product","link":"https:\/\/lasonrisadeguille.org\/tienda-solidaria\/producto\/boligrafo-de-la-sonrisa-de-guille\/","title":{"rendered":"Bol\u00edgrafo de La Sonrisa de Guille"},"content":{"rendered":"<p>Bol\u00edgrafo solidario de La Sonrisa de Guille, porque lo importante no es qu\u00e9 se regala, sino por qu\u00e9 se regala. \u00a1Elige tu modelo!<\/p>\n","protected":false},"excerpt":{"rendered":"<p>Bol\u00edgrafo solidario de La Sonrisa de Guille, porque lo importante no es qu\u00e9 se regala, sino por qu\u00e9 se regala. \u00a1Elige tu modelo!<\/p>\n","protected":false},"featured_media":365,"template":"","meta":[],"product_brand":[],"product_cat":[25,15],"product_tag":[],"class_list":{"0":"post-197","1":"product","2":"type-product","3":"status-publish","4":"has-post-thumbnail","6":"product_cat-articulos-solidarios","7":"product_cat-sin-categorizar","9":"first","10":"instock","11":"taxable","12":"shipping-taxable","13":"purchasable","14":"product-type-variable"},"_links":{"self":[{"href":"https:\/\/lasonrisadeguille.org\/tienda-solidaria\/wp-json\/wp\/v2\/product\/197","targetHints":{"allow":["GET"]}}],"collection":[{"href":"https:\/\/lasonrisadeguille.org\/tienda-solidaria\/wp-json\/wp\/v2\/product"}],"about":[{"href":"https:\/\/lasonrisadeguille.org\/tienda-solidaria\/wp-json\/wp\/v2\/types\/product"}],"wp:featuredmedia":[{"embeddable":true,"href":"https:\/\/lasonrisadeguille.org\/tienda-solidaria\/wp-json\/wp\/v2\/media\/365"}],"wp:attachment":[{"href":"https:\/\/lasonrisadeguille.org\/tienda-solidaria\/wp-json\/wp\/v2\/media?parent=197"}],"wp:term":[{"taxonomy":"product_brand","embeddable":true,"href":"https:\/\/lasonrisadeguille.org\/tienda-solidaria\/wp-json\/wp\/v2\/product_brand?post=197"},{"taxonomy":"product_cat","embeddable":true,"href":"https:\/\/lasonrisadeguille.org\/tienda-solidaria\/wp-json\/wp\/v2\/product_cat?post=197"},{"taxonomy":"product_tag","embeddable":true,"href":"https:\/\/lasonrisadeguille.org\/tienda-solidaria\/wp-json\/wp\/v2\/product_tag?post=197"}],"curies":[{"name":"wp","href":"https:\/\/api.w.org\/{rel}","templated":true}]}}