{"id":1768,"date":"2025-11-24T17:40:18","date_gmt":"2025-11-24T16:40:18","guid":{"rendered":"https:\/\/lasonrisadeguille.org\/tienda-solidaria\/?post_type=product&#038;p=1768"},"modified":"2026-03-26T20:20:13","modified_gmt":"2026-03-26T19:20:13","slug":"baliza-solidaria-conectada-v16-materiales-reciclados","status":"publish","type":"product","link":"https:\/\/lasonrisadeguille.org\/tienda-solidaria\/producto\/baliza-solidaria-conectada-v16-materiales-reciclados\/","title":{"rendered":"Baliza Solidaria Conectada V16 &#8211; Materiales Reciclados"},"content":{"rendered":"<p>Luz de emergencia V16\u00a0<strong>Geolocalizada<\/strong>\u00a0para veh\u00edculos, fabricada con\u00a0<strong>materiales reciclados<\/strong>. Conforme a la normativa de seguridad vigente y\u00a0<strong>homologada<\/strong>\u00a0por laboratorio acreditado LCOE, seg\u00fan requisitos de la DGT , con n\u00famero de homologaci\u00f3n marcado en la parte superior del art\u00edculo.\u00a0<strong>Incluye una tarjeta SIM conectada con Vodafone, con servicio de comunicaci\u00f3n de datos hasta 01\/2038, sin gastos ni cuotas adicionales.<\/strong>\u00a0De activaci\u00f3n manual y con base de fijaci\u00f3n magn\u00e9tica. Resistencia al viento de hasta 180Pa, visibilidad 360\u00b0 -hasta 1 km de distancia- y resistencia al agua conforme a est\u00e1ndares IP54. De tama\u00f1o compacto para guardar en cualquier compartimento del veh\u00edculo y tenerla a mano en caso de emergencia. Presentada en caja individual de dise\u00f1o. Manual incluido (espa\u00f1ol e ingl\u00e9s). Alimentaci\u00f3n a pilas (1x9V 6LR61 bater\u00eda incluida), con una autonom\u00eda de 2.5 horas.<\/p>\n<p>Certificado de Cumplimiento 2023010084G1 emitido por LCOE, conforme a los requisitos de la DGT.<\/p>\n<p><strong>APP gratuita disponible para Android e iOS, que le permitir\u00e1 agilizar el contacto con su aseguradora y servicio de emergencias en caso de accidente o aver\u00eda.<\/strong><\/p>\n<p>8 Ledes Intermitentes. Magn\u00e9tica. Pila Incluida<\/p>\n","protected":false},"excerpt":{"rendered":"<p>Luz de emergencia V16\u00a0Geolocalizada\u00a0para veh\u00edculos, fabricada con\u00a0materiales reciclados. Conforme a la normativa de seguridad vigente y\u00a0homologada\u00a0por laboratorio acreditado LCOE, seg\u00fan requisitos de la DGT , con n\u00famero de homologaci\u00f3n marcado en la parte superior del art\u00edculo.\u00a0Incluye una tarjeta SIM conectada con Vodafone, con servicio de comunicaci\u00f3n de datos hasta 01\/2038, sin gastos ni cuotas adicionales.\u00a0De [&hellip;]<\/p>\n","protected":false},"featured_media":1771,"template":"","meta":[],"product_brand":[],"product_cat":[15],"product_tag":[],"class_list":{"0":"post-1768","1":"product","2":"type-product","3":"status-publish","4":"has-post-thumbnail","6":"product_cat-sin-categorizar","7":"product_shipping_class-balizas","9":"first","10":"instock","11":"featured","12":"taxable","13":"shipping-taxable","14":"purchasable","15":"product-type-variable"},"_links":{"self":[{"href":"https:\/\/lasonrisadeguille.org\/tienda-solidaria\/wp-json\/wp\/v2\/product\/1768","targetHints":{"allow":["GET"]}}],"collection":[{"href":"https:\/\/lasonrisadeguille.org\/tienda-solidaria\/wp-json\/wp\/v2\/product"}],"about":[{"href":"https:\/\/lasonrisadeguille.org\/tienda-solidaria\/wp-json\/wp\/v2\/types\/product"}],"wp:featuredmedia":[{"embeddable":true,"href":"https:\/\/lasonrisadeguille.org\/tienda-solidaria\/wp-json\/wp\/v2\/media\/1771"}],"wp:attachment":[{"href":"https:\/\/lasonrisadeguille.org\/tienda-solidaria\/wp-json\/wp\/v2\/media?parent=1768"}],"wp:term":[{"taxonomy":"product_brand","embeddable":true,"href":"https:\/\/lasonrisadeguille.org\/tienda-solidaria\/wp-json\/wp\/v2\/product_brand?post=1768"},{"taxonomy":"product_cat","embeddable":true,"href":"https:\/\/lasonrisadeguille.org\/tienda-solidaria\/wp-json\/wp\/v2\/product_cat?post=1768"},{"taxonomy":"product_tag","embeddable":true,"href":"https:\/\/lasonrisadeguille.org\/tienda-solidaria\/wp-json\/wp\/v2\/product_tag?post=1768"}],"curies":[{"name":"wp","href":"https:\/\/api.w.org\/{rel}","templated":true}]}}