{"id":205,"date":"2023-07-18T14:36:31","date_gmt":"2023-07-18T12:36:31","guid":{"rendered":"http:\/\/La%20Sonrisa%20de%20Guille"},"modified":"2023-12-09T18:43:57","modified_gmt":"2023-12-09T17:43:57","slug":"power-bank-premium-de-la-sonrisa-de-guille","status":"publish","type":"product","link":"https:\/\/lasonrisadeguille.org\/tienda-solidaria\/en\/product\/power-bank-premium-de-la-sonrisa-de-guille\/","title":{"rendered":"Guille&#039;s Smile Premium Power Bank"},"content":{"rendered":"<p>External auxiliary battery from the nature line, with a bamboo casing from natural cuts. 5,000 mAh charging capacity and charge status indicator. USB output and Micro USB input -cable included-. With a large marking surface and presented in an attractive eco-design box. The capacities shown in all our external auxiliary batteries are real, all of them incorporating grade A and non-recycled batteries, with a useful life of at least 500 charge cycles and according to CE regulations. In addition, they are manufactured in accordance with RoHS standards and in compliance with the following safety requirements: Power bank overload protection system. Full discharge protection system that provides greater durability of the power bank. Blocking system to avoid short circuits. Constant load transfer system, according to the capacity of the destination device.<\/p>\n<p>5000mAh. 1 USB output and 1 Type C. Type C input<\/p>","protected":false},"excerpt":{"rendered":"<p>Bater\u00eda auxiliar externa de l\u00ednea nature, con carcasa en bamb\u00fa procedente de cortes naturales. 5.000 mAh de capacidad de carga e indicador de estado de carga. Salida USB y entrada Micro USB -cable incluido-. Con amplia superficie de marcaje y presentado en atractiva caja de dise\u00f1o eco. Las capacidades mostradas en todas nuestras bater\u00edas auxiliares [&hellip;]<\/p>\n","protected":false},"featured_media":363,"template":"","meta":[],"product_brand":[],"product_cat":[25,15],"product_tag":[],"class_list":{"0":"post-205","1":"product","2":"type-product","3":"status-publish","4":"has-post-thumbnail","6":"product_cat-articulos-solidarios","7":"product_cat-sin-categorizar","9":"first","10":"instock","11":"taxable","12":"shipping-taxable","13":"purchasable","14":"product-type-simple"},"_links":{"self":[{"href":"https:\/\/lasonrisadeguille.org\/tienda-solidaria\/en\/wp-json\/wp\/v2\/product\/205","targetHints":{"allow":["GET"]}}],"collection":[{"href":"https:\/\/lasonrisadeguille.org\/tienda-solidaria\/en\/wp-json\/wp\/v2\/product"}],"about":[{"href":"https:\/\/lasonrisadeguille.org\/tienda-solidaria\/en\/wp-json\/wp\/v2\/types\/product"}],"wp:featuredmedia":[{"embeddable":true,"href":"https:\/\/lasonrisadeguille.org\/tienda-solidaria\/en\/wp-json\/wp\/v2\/media\/363"}],"wp:attachment":[{"href":"https:\/\/lasonrisadeguille.org\/tienda-solidaria\/en\/wp-json\/wp\/v2\/media?parent=205"}],"wp:term":[{"taxonomy":"product_brand","embeddable":true,"href":"https:\/\/lasonrisadeguille.org\/tienda-solidaria\/en\/wp-json\/wp\/v2\/product_brand?post=205"},{"taxonomy":"product_cat","embeddable":true,"href":"https:\/\/lasonrisadeguille.org\/tienda-solidaria\/en\/wp-json\/wp\/v2\/product_cat?post=205"},{"taxonomy":"product_tag","embeddable":true,"href":"https:\/\/lasonrisadeguille.org\/tienda-solidaria\/en\/wp-json\/wp\/v2\/product_tag?post=205"}],"curies":[{"name":"wp","href":"https:\/\/api.w.org\/{rel}","templated":true}]}}