{"id":203,"date":"2023-07-18T14:36:31","date_gmt":"2023-07-18T12:36:31","guid":{"rendered":"http:\/\/La%20Sonrisa%20de%20Guille"},"modified":"2023-08-02T22:11:46","modified_gmt":"2023-08-02T20:11:46","slug":"camiseta-de-la-sonrisa-de-guille","status":"publish","type":"product","link":"https:\/\/lasonrisadeguille.org\/tienda-solidaria\/en\/product\/camiseta-de-la-sonrisa-de-guille\/","title":{"rendered":"Guille&#039;s Smile Technical T-shirt"},"content":{"rendered":"<p>Guille&#039;s Smile Technical T-shirt.<\/p>\n<p>Ideal for doing sports in the most supportive way. They have reached all parts of the world, from Tudela to Adwa (Ethiopia). Do not miss yours!<\/p>","protected":false},"excerpt":{"rendered":"<p>Camiseta T\u00e9cnica de La Sonrisa de Guille. Ideal para hacer deporte de la manera m\u00e1s solidaria. Han llegado a todas las partes del mundo, de Tudela a Adwa (Etiop\u00eda). \u00a1No te quedes sin la tuya!<\/p>","protected":false},"featured_media":289,"template":"","meta":[],"product_brand":[],"product_cat":[25,15],"product_tag":[],"class_list":{"0":"post-203","1":"product","2":"type-product","3":"status-publish","4":"has-post-thumbnail","6":"product_cat-articulos-solidarios","7":"product_cat-sin-categorizar","9":"first","10":"instock","11":"taxable","12":"shipping-taxable","13":"purchasable","14":"product-type-variable"},"_links":{"self":[{"href":"https:\/\/lasonrisadeguille.org\/tienda-solidaria\/en\/wp-json\/wp\/v2\/product\/203","targetHints":{"allow":["GET"]}}],"collection":[{"href":"https:\/\/lasonrisadeguille.org\/tienda-solidaria\/en\/wp-json\/wp\/v2\/product"}],"about":[{"href":"https:\/\/lasonrisadeguille.org\/tienda-solidaria\/en\/wp-json\/wp\/v2\/types\/product"}],"wp:featuredmedia":[{"embeddable":true,"href":"https:\/\/lasonrisadeguille.org\/tienda-solidaria\/en\/wp-json\/wp\/v2\/media\/289"}],"wp:attachment":[{"href":"https:\/\/lasonrisadeguille.org\/tienda-solidaria\/en\/wp-json\/wp\/v2\/media?parent=203"}],"wp:term":[{"taxonomy":"product_brand","embeddable":true,"href":"https:\/\/lasonrisadeguille.org\/tienda-solidaria\/en\/wp-json\/wp\/v2\/product_brand?post=203"},{"taxonomy":"product_cat","embeddable":true,"href":"https:\/\/lasonrisadeguille.org\/tienda-solidaria\/en\/wp-json\/wp\/v2\/product_cat?post=203"},{"taxonomy":"product_tag","embeddable":true,"href":"https:\/\/lasonrisadeguille.org\/tienda-solidaria\/en\/wp-json\/wp\/v2\/product_tag?post=203"}],"curies":[{"name":"wp","href":"https:\/\/api.w.org\/{rel}","templated":true}]}}