{"id":200,"date":"2023-07-18T14:36:31","date_gmt":"2023-07-18T12:36:31","guid":{"rendered":"http:\/\/La%20Sonrisa%20de%20Guille"},"modified":"2023-07-28T17:27:34","modified_gmt":"2023-07-28T15:27:34","slug":"gel-hidroalcoholico-de-la-sonrisa-de-guille","status":"publish","type":"product","link":"https:\/\/lasonrisadeguille.org\/tienda-solidaria\/en\/product\/gel-hidroalcoholico-de-la-sonrisa-de-guille\/","title":{"rendered":"Guille&#039;s Smile Hydroalcoholic Gel"},"content":{"rendered":"<p>Hydroalcoholic gel for hygiene and skin cleansing in a 60 ml refillable bottle, with dispenser and safety cap. Transparent body, with white cap. Solution with 65% of alcohol content.<\/p>\n<p>Article with GMP certification (Good Manufacturing Practices \/ Correct Manufacturing Standards) that guarantees compliance with rigorous control measures to obtain a safe and quality product.<\/p>\n<p>60 ml. Skin cleansing solution<\/p>","protected":false},"excerpt":{"rendered":"<p>Gel hidroalcoh\u00f3lico para higiene y limpieza de la piel en bote rellenable de 60 ml, con dosificador y tap\u00f3n de seguridad. Cuerpo transparente, con tap\u00f3n en color blanco. Soluci\u00f3n con 65% de contenido de alcohol. Art\u00edculo con certificaci\u00f3n GMP (Good Manufaturing Practices \/ Normas de Correcta Fabricaci\u00f3n) que garantiza el cumplimiento de rigurosas medidas de [&hellip;]<\/p>\n","protected":false},"featured_media":298,"template":"","meta":[],"product_brand":[],"product_cat":[25,15],"product_tag":[],"class_list":{"0":"post-200","1":"product","2":"type-product","3":"status-publish","4":"has-post-thumbnail","6":"product_cat-articulos-solidarios","7":"product_cat-sin-categorizar","9":"first","10":"instock","11":"taxable","12":"shipping-taxable","13":"purchasable","14":"product-type-simple"},"_links":{"self":[{"href":"https:\/\/lasonrisadeguille.org\/tienda-solidaria\/en\/wp-json\/wp\/v2\/product\/200","targetHints":{"allow":["GET"]}}],"collection":[{"href":"https:\/\/lasonrisadeguille.org\/tienda-solidaria\/en\/wp-json\/wp\/v2\/product"}],"about":[{"href":"https:\/\/lasonrisadeguille.org\/tienda-solidaria\/en\/wp-json\/wp\/v2\/types\/product"}],"wp:featuredmedia":[{"embeddable":true,"href":"https:\/\/lasonrisadeguille.org\/tienda-solidaria\/en\/wp-json\/wp\/v2\/media\/298"}],"wp:attachment":[{"href":"https:\/\/lasonrisadeguille.org\/tienda-solidaria\/en\/wp-json\/wp\/v2\/media?parent=200"}],"wp:term":[{"taxonomy":"product_brand","embeddable":true,"href":"https:\/\/lasonrisadeguille.org\/tienda-solidaria\/en\/wp-json\/wp\/v2\/product_brand?post=200"},{"taxonomy":"product_cat","embeddable":true,"href":"https:\/\/lasonrisadeguille.org\/tienda-solidaria\/en\/wp-json\/wp\/v2\/product_cat?post=200"},{"taxonomy":"product_tag","embeddable":true,"href":"https:\/\/lasonrisadeguille.org\/tienda-solidaria\/en\/wp-json\/wp\/v2\/product_tag?post=200"}],"curies":[{"name":"wp","href":"https:\/\/api.w.org\/{rel}","templated":true}]}}