{"id":1883,"date":"2026-03-12T14:03:19","date_gmt":"2026-03-12T13:03:19","guid":{"rendered":"https:\/\/lasonrisadeguille.org\/tienda-solidaria\/?post_type=product&#038;p=1883"},"modified":"2026-04-17T17:54:28","modified_gmt":"2026-04-17T15:54:28","slug":"concierto-benefico-de-alumnos-etsin-2026","status":"publish","type":"product","link":"https:\/\/lasonrisadeguille.org\/tienda-solidaria\/en\/product\/concierto-benefico-de-alumnos-etsin-2026\/","title":{"rendered":"CONCIERTO BEN\u00c9FICO DE ALUMNOS ETSIN 2026<br>&#8220;La Sonrisa de Guille&#8221;<br>Desgrava hasta un 80%"},"content":{"rendered":"<h2>El Evento<\/h2>\n<p>La agrupaci\u00f3n musical estudiantil de la ETSIN arropada por todas las asociaciones de Alumnos de la Escuela y por el Director de la ETSIN D. Antonio Crucelaegui tienen el placer de invitaros al Concierto Ben\u00e9fico &#8220;La sonrisa de Guille&#8221; que tendr\u00e1 lugar el <strong>Jueves 16 de Abril a las seis y media de la tarde en el sal\u00f3n de actos de la ETSIN<\/strong>.<\/p>\n<p>Adem\u00e1s de promover la hermandad, la cultura\u00a0 y la m\u00fasica, persiguen contribuir a una noble y solidaria causa como es la inclusi\u00f3n en el mundo laboral de las personas con discapacidad, acci\u00f3n promovida en esta ocasi\u00f3n por la Asociaci\u00f3n la Sonrisa de Guille.<\/p>\n<p>Los fondos que se obtengan con la venta de las entradas al Concierto ir\u00e1n destinados \u00edntegramente a la citada Asociaci\u00f3n por un <strong>simb\u00f3lico valor de 5 euros.<\/strong><\/p>\n<p>Cuando el n\u00famero de entradas a adquirir sea superior a uno, por razones de organizaci\u00f3n la aplicaci\u00f3n solicita que se indique nombre y apellidos de cada uno de los asistentes.<\/p>\n<h2>Programa<\/h2>\n<p>Pulsa <a href=\"https:\/\/lasonrisadeguille.org\/tienda-solidaria\/wp-content\/uploads\/sites\/10\/2026\/03\/DOC-20260325-WA0023.pdf\">HERE<\/a> para descargar el <a href=\"https:\/\/lasonrisadeguille.org\/tienda-solidaria\/wp-content\/uploads\/sites\/10\/2026\/03\/DOC-20260325-WA0023.pdf\">programa completo<\/a>.<\/p>\n<h2>Fila Cero<\/h2>\n<p>Aunque nos sentir\u00edamos muy honrados con vuestra asistencia y participaci\u00f3n en este Concierto Ben\u00e9fico, si vuestras obligaciones no os permitieran acudir, podr\u00e9is, si as\u00ed lo dese\u00e1is, <strong>colaborar con la FILA 0<\/strong> que es junto con la donaci\u00f3n, otra de las opciones disponibles de colaboraci\u00f3n.<\/p>\n<h2>Donativos Adicionales \/ Protectores<\/h2>\n<p>Si os gusta lo que hace La Sonrisa de Guille y quer\u00e9is ayudar a\u00fan m\u00e1s, no dud\u00e9is en usar el formulario para hacer un<strong> donativo puntual<\/strong> adicional o incluso <strong>haceros protectores eligiendo vosotros mismo la cantidad y la frecuencia<\/strong>.<\/p>\n<h2>Beneficios Fiscales<\/h2>\n<p>Todas las entradas y donativos gozan de una importante <strong>desgravaci\u00f3n fiscal<\/strong>, siendo esta del <strong>80% para Los primeros 250\u20ac donados<\/strong> y del 40-45% para el resto. Pulsad <a href=\"https:\/\/lasonrisadeguille.org\/tienda-solidaria\/wp-content\/uploads\/sites\/10\/2025\/03\/Deducciones-fiscales-donativos-ONG-Fundacion-Lealtad_.jpg\">HERE<\/a> para m\u00e1s informaci\u00f3n. Para poder beneficiaros de ella, indicad por favor tu nombre completo (en caso de ser distinto de los consignados en la compra), as\u00ed como DNI y provincia del domicilio fiscal en el campo de comentarios que aparecer\u00e1 al finalizar la compra. Haci\u00e9ndolo as\u00ed, nos aseguraremos de que dicha desgravaci\u00f3n te aparezca directamente en el borrador de vuestra declaraci\u00f3n.<\/p>\n<h2>How to get<\/h2>\n<p>El evento tendr\u00e1 lugar en el <strong>Sal\u00f3n de Actos de la Escuela T\u00e9cnica Superior de Ingenieros Navales<\/strong> sita en la <a href=\"https:\/\/maps.app.goo.gl\/TGhxBcR9nkVUZCkG7\">Avda. de la Memoria 4 de la Ciudad Universitaria de Madrid<\/a> dicha escuela cuenta con <strong>parking propio gratuito<\/strong>.<\/p>\n<h5><img decoding=\"async\" class=\"wp-image-968 alignnone size-large\" src=\"https:\/\/navales.etsin.upm.es\/wp-content\/uploads\/2024\/03\/icon-metro-contact.svg\" alt=\"\" width=\"28\" height=\"30\" \/>\u00a0En metro<\/h5>\n<p>Las estaciones m\u00e1s cercanas son: Ciudad Universitaria y Moncloa.<br \/>\n<a href=\"https:\/\/www.metromadrid.es\/es\" target=\"_blank\" rel=\"noopener\">Consulta el plano del Metro de Madrid<\/a><\/p>\n<h5><img decoding=\"async\" class=\"wp-image-998 alignnone size-large\" src=\"https:\/\/navales.etsin.upm.es\/wp-content\/uploads\/2024\/03\/icon-bus-contact.svg\" alt=\"\" width=\"22\" height=\"776\" \/>\u00a0En autob\u00fas<\/h5>\n<p><a class=\"broken_link\" href=\"https:\/\/www.emtmadrid.es\/EMTBUS\/Mi-linea?lang=es-ES\" target=\"_blank\" rel=\"noopener\">Busca<\/a>\u00a0las l\u00edneas y paradas de EMT m\u00e1s cercanas.<\/p>\n<h5><img decoding=\"async\" class=\"wp-image-1000 alignnone size-large\" src=\"https:\/\/navales.etsin.upm.es\/wp-content\/uploads\/2024\/03\/icon-inter-contact.svg\" alt=\"\" width=\"16\" height=\"1024\" \/>\u00a0En autob\u00fas interurbano<\/h5>\n<p>Salida directa A6 desde intercambiador de Moncloa<br \/>\n<a href=\"https:\/\/www.crtm.es\/aceptacion-cookies?url=https:\/\/www.crtm.es\/tu-transporte-publico\/autobuses-interurbanos\/lineas.aspx\" target=\"_blank\" rel=\"noopener\">Informaci\u00f3n sobre la CRMT<\/a><\/p>\n<h5><img loading=\"lazy\" decoding=\"async\" class=\"wp-image-1001 alignnone size-large\" src=\"https:\/\/navales.etsin.upm.es\/wp-content\/uploads\/2024\/03\/icon-bici-contact.svg\" alt=\"\" width=\"32\" height=\"652\" \/>\u00a0En bicicleta<\/h5>\n<p>Nuestra Escuela tiene aparcamientos de bicicletas y duchas. Se puede llegar por carril bici, en\u00a0<a href=\"https:\/\/infobicimadrid.es\/\" target=\"_blank\" rel=\"noopener\">bici propia<\/a>\u00a0o\u00a0<a href=\"https:\/\/www.bicimad.com\/\" target=\"_blank\" rel=\"noopener\">alquilada<\/a>.<\/p>\n<h2>Sobre La Sonrisa de Guille<\/h2>\n<p>La Sonrisa de Guille es una Asociaci\u00f3n Sin \u00c1nimo de Lucro declarada de Utilidad P\u00fablica por el Ministerio del Interior y Centro Especial de Empleo calificado por la Comunidad de Madrid que busca mejorar la calidad de vida de las personas con discapacidad y mayores necesidades de apoyo. Puedes encontrar m\u00e1s informaci\u00f3n en la web <a href=\"http:\/\/www.LaSonrisaDeGuille.ORG\">www.LaSonrisaDeGuille.ORG<\/a>.<\/p>\n<h2><\/h2>","protected":false},"excerpt":{"rendered":"<p>El Evento La agrupaci\u00f3n musical estudiantil de la ETSIN arropada por todas las asociaciones de Alumnos de la Escuela y por el Director de la ETSIN D. Antonio Crucelaegui tienen el placer de invitaros al Concierto Ben\u00e9fico &#8220;La sonrisa de Guille&#8221; que tendr\u00e1 lugar el Jueves 16 de Abril a las seis y media de [&hellip;]<\/p>\n","protected":false},"featured_media":1955,"template":"","meta":[],"product_brand":[],"product_cat":[86],"product_tag":[],"class_list":{"0":"post-1883","1":"product","2":"type-product","3":"status-publish","4":"has-post-thumbnail","6":"product_cat-conciertos","8":"first","9":"instock","10":"featured","11":"taxable","12":"shipping-taxable","13":"purchasable","14":"product-type-variable"},"_links":{"self":[{"href":"https:\/\/lasonrisadeguille.org\/tienda-solidaria\/en\/wp-json\/wp\/v2\/product\/1883","targetHints":{"allow":["GET"]}}],"collection":[{"href":"https:\/\/lasonrisadeguille.org\/tienda-solidaria\/en\/wp-json\/wp\/v2\/product"}],"about":[{"href":"https:\/\/lasonrisadeguille.org\/tienda-solidaria\/en\/wp-json\/wp\/v2\/types\/product"}],"wp:featuredmedia":[{"embeddable":true,"href":"https:\/\/lasonrisadeguille.org\/tienda-solidaria\/en\/wp-json\/wp\/v2\/media\/1955"}],"wp:attachment":[{"href":"https:\/\/lasonrisadeguille.org\/tienda-solidaria\/en\/wp-json\/wp\/v2\/media?parent=1883"}],"wp:term":[{"taxonomy":"product_brand","embeddable":true,"href":"https:\/\/lasonrisadeguille.org\/tienda-solidaria\/en\/wp-json\/wp\/v2\/product_brand?post=1883"},{"taxonomy":"product_cat","embeddable":true,"href":"https:\/\/lasonrisadeguille.org\/tienda-solidaria\/en\/wp-json\/wp\/v2\/product_cat?post=1883"},{"taxonomy":"product_tag","embeddable":true,"href":"https:\/\/lasonrisadeguille.org\/tienda-solidaria\/en\/wp-json\/wp\/v2\/product_tag?post=1883"}],"curies":[{"name":"wp","href":"https:\/\/api.w.org\/{rel}","templated":true}]}}