{"id":1347,"date":"2023-12-08T18:34:05","date_gmt":"2023-12-08T17:34:05","guid":{"rendered":"https:\/\/lasonrisadeguille.org\/tienda-solidaria\/?post_type=product&#038;p=1347"},"modified":"2025-12-09T14:10:19","modified_gmt":"2025-12-09T13:10:19","slug":"alfin-ilc-30-modelo-de-madera","status":"publish","type":"product","link":"https:\/\/lasonrisadeguille.org\/tienda-solidaria\/en\/product\/alfin-ilc-30-modelo-de-madera\/","title":{"rendered":"ALFIN ILC 30 &#8211; Modelo de Madera- Disponible el 15\/01\/2026"},"content":{"rendered":"<p><a href=\"https:\/\/lasonrisadeguille.org\/tienda-solidaria\/wp-content\/uploads\/sites\/10\/2023\/12\/Manual-ALFIN_v3.pdf\">MANUAL DE INSTRUCCIONES<\/a><\/p>\n<p><a href=\"https:\/\/lasonrisadeguille.org\/tienda-solidaria\/wp-content\/uploads\/sites\/10\/2023\/12\/ALFIN_Velamen.pdf\">VELAMEN<\/a><\/p>\n<hr \/>\n<p>En el verano 1994, surgi\u00f3 el Proyecto Alfin. No era otra idea, que con el apoyo de la direcci\u00f3n de la Escuela T\u00e9cnica Superior de Ingenieros Navales de Madrid (D. Alejandro Mira D.E.P.), se iba a dise\u00f1ar, construir y competir, centralizado todo desde la ETSIN-UPM por alumnos y personal laboral y docente, de un prototipo de velero de regatas de la clase ILC30, \u201cmade in UPM-ETSIN\u201d.<\/p>\n<p>La iniciativa fue pionera, y vali\u00e9ndose de instalaciones de la propia Escuela, como el Canal de Ensayos Hidrodin\u00e1micos y el Centro de Procesamiento Num\u00e9rico; y de instalaciones puntuales, como el que la Oficina T\u00e9cnica de Copa Am\u00e9rica del Sindicato Espa\u00f1ol (CADE95), estuviese en el edificio de la ETSIN, sirvieron para que 69 personas en total, aceptasen el reto, y el Alfin-Servipack, en aguas del Real Club N\u00e1utico de Valencia, mojase por primera vez su proa el 27 de julio de 1998.<\/p>\n<p>Imprescindible destacar, que sin el apoyo de la Universidad Polit\u00e9cnica de Madrid y del Patrocinador Principal (Servipack y en particular de su CEO, D. Conrado Esp\u00ed), este Proyecto aunque ten\u00eda claro a qu\u00e9 puerto se dirig\u00eda, no habr\u00eda encontrado vientos favorables.<\/p>\n<p>La primera temporada de regatas, fue un \u00e9xito pleno, con una tripulaci\u00f3n mixta formada por alumnos de la ETSIN y tripulantes profesionales del equipo espa\u00f1ol de Copa Am\u00e9rica, consiguieron ganar en su clase todas las regatas en las que participaron correspondientes al Campeonato de Espa\u00f1a de Vela (Regata Ciudad de Melilla, Regata Sherry Puerto de Santamar\u00eda y Regata Pr\u00edncipe de Asturias de Baiona), culminando es p\u00f3ker de \u00e9xitos del Proyecto Alfin, con el tercer puesto en el Mundial de la Clase ILC30 disputado en septiembre 1998 en las aguas gallegas de Baiona.<\/p>\n<p>Lo conseguido por este \u201csue\u00f1o\u201d de la familia de la ETSIN, tuyo su colof\u00f3n, cuando el velero de regata Alfin-Servipack, fue galardonado con el premio, al mejor velero de regata construido en el a\u00f1o 1998 en los Premios Nacionales de vela KPMG. Todo un logro de superaci\u00f3n, no s\u00f3lo de este grupo, sino de una Escuela y de la propia Universidad, que supieron creer en un grupo de apasionados por la vela.<\/p>\n<p>Desde La Sonrisa de Guille os ofrecemos este modelo de madera a escala automontable, de casi 20 cm de eslora y fiel a su dise\u00f1o original (se puede visitar a escala real en la ETSIN). Fabricado por personas con discapacidad que comparten el entusiasmo por lo que les gusta del Proyecto Alfin. Este modelo es ideal para los apasionados de la vela, para regalar a los m\u00e1s peque\u00f1os o para recordar aquellos a\u00f1os en Navales. Que nadie pase por alto, el poder sonre\u00edr, cuando tenga en sus manos la maqueta de un velero, que super\u00f3 todos los obst\u00e1culos que le surgieron, hasta conseguir sus metas.<\/p>\n<p>(Rese\u00f1a cortes\u00eda equipo original ALFIN)<\/p>","protected":false},"excerpt":{"rendered":"<p>MANUAL DE INSTRUCCIONES VELAMEN En el verano 1994, surgi\u00f3 el Proyecto Alfin. No era otra idea, que con el apoyo de la direcci\u00f3n de la Escuela T\u00e9cnica Superior de Ingenieros Navales de Madrid (D. Alejandro Mira D.E.P.), se iba a dise\u00f1ar, construir y competir, centralizado todo desde la ETSIN-UPM por alumnos y personal laboral y [&hellip;]<\/p>\n","protected":false},"featured_media":1354,"template":"","meta":[],"product_brand":[],"product_cat":[15],"product_tag":[],"class_list":{"0":"post-1347","1":"product","2":"type-product","3":"status-publish","4":"has-post-thumbnail","6":"product_cat-sin-categorizar","7":"product_shipping_class-general","9":"first","10":"instock","11":"taxable","12":"shipping-taxable","13":"purchasable","14":"product-type-simple"},"_links":{"self":[{"href":"https:\/\/lasonrisadeguille.org\/tienda-solidaria\/en\/wp-json\/wp\/v2\/product\/1347","targetHints":{"allow":["GET"]}}],"collection":[{"href":"https:\/\/lasonrisadeguille.org\/tienda-solidaria\/en\/wp-json\/wp\/v2\/product"}],"about":[{"href":"https:\/\/lasonrisadeguille.org\/tienda-solidaria\/en\/wp-json\/wp\/v2\/types\/product"}],"wp:featuredmedia":[{"embeddable":true,"href":"https:\/\/lasonrisadeguille.org\/tienda-solidaria\/en\/wp-json\/wp\/v2\/media\/1354"}],"wp:attachment":[{"href":"https:\/\/lasonrisadeguille.org\/tienda-solidaria\/en\/wp-json\/wp\/v2\/media?parent=1347"}],"wp:term":[{"taxonomy":"product_brand","embeddable":true,"href":"https:\/\/lasonrisadeguille.org\/tienda-solidaria\/en\/wp-json\/wp\/v2\/product_brand?post=1347"},{"taxonomy":"product_cat","embeddable":true,"href":"https:\/\/lasonrisadeguille.org\/tienda-solidaria\/en\/wp-json\/wp\/v2\/product_cat?post=1347"},{"taxonomy":"product_tag","embeddable":true,"href":"https:\/\/lasonrisadeguille.org\/tienda-solidaria\/en\/wp-json\/wp\/v2\/product_tag?post=1347"}],"curies":[{"name":"wp","href":"https:\/\/api.w.org\/{rel}","templated":true}]}}