{"id":3956,"date":"2023-07-26T18:18:37","date_gmt":"2023-07-26T18:18:37","guid":{"rendered":"https:\/\/lasonrisadeguille.org\/?post_type=product&#038;p=3956"},"modified":"2026-01-15T13:51:51","modified_gmt":"2026-01-15T12:51:51","slug":"hazte-protector-de-la-sonrisa-de-guille","status":"publish","type":"product","link":"https:\/\/lasonrisadeguille.org\/fr\/produit\/hazte-protector-de-la-sonrisa-de-guille\/","title":{"rendered":"Donnez-nous de la stabilit\u00e9 : devenez un protecteur du sourire de Guille"},"content":{"rendered":"<p>A La Sonrisa de Guille, nous avons besoin de votre aide pour continuer \u00e0 am\u00e9liorer la qualit\u00e9 de vie des personnes handicap\u00e9es. En plus des projets sp\u00e9cifiques, nous avons mis en place cet autre projet pour nous aider \u00e0 faire face \u00e0 nos d\u00e9penses mensuelles et nous faire confiance pour faire le meilleur usage de votre don. Actuellement, les frais fixes de La Sonrisa de Guille s'\u00e9l\u00e8vent \u00e0 environ 10000\u20ac par mois et nous sollicitons votre collaboration pour en couvrir une partie (2000\u20ac\/mois). Afin de nous permettre de savoir o\u00f9 nous en sommes, nous avons mis en place une barre de progression qui nous permettra de conna\u00eetre le niveau de r\u00e9alisation de cet objectif... aidez-nous \u00e0 l'atteindre chaque mois !<\/p>\n<p>Dans cette modalit\u00e9, vous choisissez le montant, la fr\u00e9quence et le mode de paiement, avec la garantie que votre don ira \u00e0 une entit\u00e9 d\u00e9clar\u00e9e d'Utilit\u00e9 Publique par le Minist\u00e8re de l'Int\u00e9rieur. De plus, pour cette m\u00eame raison, vous pourrez \u00e9galement acc\u00e9der \u00e0 des avantages fiscaux pouvant aller jusqu'\u00e0 80%.<\/p>\n<p>Voici quelques exemples d&#039;all\u00e9gements fiscaux (voir la figure ci-jointe pour plus d&#039;informations):<\/p>\n<ul>\n<li>Si vous faites un don de 15 euros par mois, vous pouvez recevoir... 36 euros PAR AN (d\u00e9ductible des imp\u00f4ts jusqu'\u00e0 144 euros).<\/li>\n<li>Si vous donnez 10 \u20ac\/mois, vos d\u00e9penses pourraient n&#039;\u00eatre que de 24 \u20ac PAR AN (d\u00e9ductible jusqu&#039;\u00e0 96 \u20ac).<\/li>\n<li>Avec 20 \u20ac par mois, vous nous aideriez pour seulement 48 \u20ac\/an (d\u00e9ductible des imp\u00f4ts jusqu'\u00e0 192 \u20ac).<\/li>\n<li>5\u20ac par mois pourrait signifier 12\u20ac\/an (d\u00e9duction fiscale jusqu&#039;\u00e0 48\u20ac)<\/li>\n<\/ul>\n<p>Comment pouvez-vous nous aider ?<\/p>\n<ul>\n<li>si vous \u00eates un <strong>particulier<\/strong>:\n<ul>\n<li>Contactez le service de responsabilit\u00e9 sociale de votre entreprise pour proposer ce projet La Sonrisa de Guille. Dans de nombreuses occasions, les entreprises lancent des appels \u00e0 propositions o\u00f9 ce sont les employ\u00e9s qui pr\u00e9sentent les candidatures pour les projets sociaux, si cela se produit... OBTENIR CE PROJET AVEC NOUS !<\/li>\n<li>Faites un don directement \u00e0 ce projet. <strong>Les contributions des particuliers sont consid\u00e9r\u00e9es comme des dons et sont d\u00e9ductibles des imp\u00f4ts jusqu'\u00e0 80% (voir l'image ci-jointe). <\/strong>En guise de remerciement, votre nom sera publi\u00e9 sur notre site web et nos r\u00e9seaux sociaux si vous le souhaitez.<\/li>\n<\/ul>\n<\/li>\n<\/ul>\n<p>&nbsp;<\/p>\n<ul>\n<li>Pour les <strong>partenariats commerciaux<\/strong> deux options sont envisag\u00e9es :\n<ul>\n<li><strong>Donation pure :<\/strong> En contrepartie, la contribution sera rendue publique par le biais d'une publication sur nos r\u00e9seaux sociaux ou d'une pr\u00e9sence sur notre site web pendant une certaine p\u00e9riode. Cette modalit\u00e9 implique <strong>all\u00e8gement fiscal<\/strong> correspondant \u00e0 l'image jointe, en plus d'\u00eatre pris en compte dans les exigences de la <strong>Loi g\u00e9n\u00e9rale sur le handicap<\/strong>.<\/li>\n<li><strong>Parrainage : <\/strong>Il est possible d'\u00e9tablir un contrat de parrainage entre l'entreprise et La Sonrisa de Guille. Il existe diff\u00e9rentes modalit\u00e9s, depuis les publications p\u00e9riodiques dans nos r\u00e9seaux sociaux jusqu'\u00e0 la pr\u00e9sence du logo de l'entreprise sur notre site web pendant une certaine p\u00e9riode. Contactez-nous pour \u00e9tudier l'option qui convient le mieux \u00e0 votre entreprise.<\/li>\n<\/ul>\n<\/li>\n<\/ul>\n<p>Aider autant ne vous co\u00fbtera jamais si peu et n&#039;oubliez pas que tout montant, aussi petit soit-il, nous est d&#039;une grande aide. Rappelle-toi que:<\/p>\n<p style=\"text-align: center;\"><em>&quot;Beaucoup de petites gens,<\/em><\/p>\n<p style=\"text-align: center;\"><em>Faire de petites choses<\/em><\/p>\n<p style=\"text-align: center;\"><em>Nous pouvons changer le monde&quot;<\/em><\/p>\n<p>Les attestations de don seront envoy\u00e9es aux donateurs au d\u00e9but de l&#039;exercice suivant, une fois l&#039;ann\u00e9e cl\u00f4tur\u00e9e et l&#039;AEAT avis\u00e9e.<\/p>","protected":false},"excerpt":{"rendered":"<p>A La Sonrisa de Guille, nous avons besoin de votre aide pour continuer \u00e0 am\u00e9liorer la qualit\u00e9 de vie des personnes handicap\u00e9es. En plus des projets sp\u00e9cifiques, nous avons mis en place cet autre projet pour nous aider \u00e0 faire face \u00e0 nos d\u00e9penses mensuelles et nous faire confiance pour faire le meilleur usage de votre don. Actuellement, les frais fixes de La Sonrisa de Guille s'\u00e9l\u00e8vent \u00e0 environ 10000\u20ac par mois et nous sollicitons votre collaboration pour en couvrir une partie (2000\u20ac\/mois). Afin que nous puissions tous savoir o\u00f9 nous en sommes, une barre de progression a \u00e9t\u00e9 mise en place qui nous permettra de conna\u00eetre le niveau de r\u00e9alisation de cet objectif... aidez-nous \u00e0 le compl\u00e9ter chaque mois ! Dans ce mode, vous choisissez le montant, la fr\u00e9quence et le mode de paiement, avec la garantie que votre don ira \u00e0 une entit\u00e9 d\u00e9clar\u00e9e d'Utilit\u00e9 Publique par le Minist\u00e8re de l'Int\u00e9rieur. De plus, pour cette m\u00eame raison, vous pourrez \u00e9galement acc\u00e9der \u00e0 des avantages fiscaux pouvant aller jusqu'\u00e0 80%. Voici quelques exemples d'avantages fiscaux (voir le sch\u00e9ma ci-joint pour plus d'informations) : Si vous faites un don de 15 \u20ac\/mois, vous pouvez obtenir... 36 \u20ac\/ANN\u00c9E (r\u00e9duction d'imp\u00f4t jusqu'\u00e0 144 \u20ac). Si vous donnez 10 \u20ac\/mois, votre d\u00e9pense pourrait n'\u00eatre que de 24 \u20ac\/ANN\u00c9E (d\u00e9ductible de l'imp\u00f4t jusqu'\u00e0 96 \u20ac). Avec 20 \u20ac\/mois, vous pouvez nous aider \u00e0 partir de 48 \u20ac\/an (d\u00e9ductible des imp\u00f4ts jusqu'\u00e0 192 \u20ac). 5 \u20ac\/mois peuvent repr\u00e9senter 12 \u20ac\/an (d\u00e9ductible des imp\u00f4ts jusqu'\u00e0 48 \u20ac) Comment pouvez-vous nous aider ? Si vous \u00eates un particulier : contactez le service de responsabilit\u00e9 sociale de votre entreprise pour lui proposer ce projet de La Sonrisa de Guille. Dans de nombreuses occasions, les entreprises lancent des appels o\u00f9 ce sont les employ\u00e9s qui pr\u00e9sentent les candidatures des projets sociaux, si cela se produit... SOUTENEZ CE PROJET AVEC NOUS ! Faites un don direct \u00e0 ce projet. Les contributions des particuliers sont consid\u00e9r\u00e9es comme des dons et sont d\u00e9ductibles des imp\u00f4ts jusqu'\u00e0 80% (voir l'image ci-jointe). En guise de remerciement, votre nom sera publi\u00e9 sur notre site web et nos r\u00e9seaux sociaux si vous le souhaitez.   Il existe deux options pour les collaborations commerciales : Donation pure : En contrepartie, la contribution sera rendue publique par une publication sur nos r\u00e9seaux sociaux ou une pr\u00e9sence sur notre site web pendant une certaine p\u00e9riode de temps. Cette modalit\u00e9 entra\u00eene les d\u00e9ductions correspondant \u00e0 l'image ci-jointe, ainsi que le respect des exigences de la loi g\u00e9n\u00e9rale sur le handicap. Parrainage : Il est possible d'\u00e9tablir un contrat de parrainage entre l'entreprise et La Sonrisa de Guille. Il existe diff\u00e9rentes modalit\u00e9s, depuis les publications p\u00e9riodiques dans nos r\u00e9seaux sociaux jusqu'\u00e0 la pr\u00e9sence du logo de l'entreprise sur notre site web pendant une certaine p\u00e9riode. Contactez-nous pour \u00e9tudier l'option qui convient le mieux \u00e0 votre entreprise. Aider autant ne co\u00fbtera jamais si peu et n'oubliez pas que tout montant, aussi petit soit-il, nous est d'une grande aide. N'oubliez pas que : \"\u00c0 plusieurs, en faisant de petites choses, nous pouvons changer le monde\". Les certificats de donation seront envoy\u00e9s aux donateurs au d\u00e9but de l'ann\u00e9e fiscale suivante, une fois l'ann\u00e9e cl\u00f4tur\u00e9e et d\u00e9clar\u00e9e \u00e0 l'AEAT (l'administration fiscale espagnole).<\/p>","protected":false},"featured_media":2112,"template":"","meta":[],"product_brand":[],"product_cat":[20],"product_tag":[],"class_list":{"0":"post-3956","1":"product","2":"type-product","3":"status-publish","4":"has-post-thumbnail","6":"product_cat-sin-categorizar","8":"first","9":"instock","10":"shipping-taxable","11":"purchasable","12":"product-type-variable-subscription"},"_links":{"self":[{"href":"https:\/\/lasonrisadeguille.org\/fr\/wp-json\/wp\/v2\/product\/3956","targetHints":{"allow":["GET"]}}],"collection":[{"href":"https:\/\/lasonrisadeguille.org\/fr\/wp-json\/wp\/v2\/product"}],"about":[{"href":"https:\/\/lasonrisadeguille.org\/fr\/wp-json\/wp\/v2\/types\/product"}],"wp:featuredmedia":[{"embeddable":true,"href":"https:\/\/lasonrisadeguille.org\/fr\/wp-json\/wp\/v2\/media\/2112"}],"wp:attachment":[{"href":"https:\/\/lasonrisadeguille.org\/fr\/wp-json\/wp\/v2\/media?parent=3956"}],"wp:term":[{"taxonomy":"product_brand","embeddable":true,"href":"https:\/\/lasonrisadeguille.org\/fr\/wp-json\/wp\/v2\/product_brand?post=3956"},{"taxonomy":"product_cat","embeddable":true,"href":"https:\/\/lasonrisadeguille.org\/fr\/wp-json\/wp\/v2\/product_cat?post=3956"},{"taxonomy":"product_tag","embeddable":true,"href":"https:\/\/lasonrisadeguille.org\/fr\/wp-json\/wp\/v2\/product_tag?post=3956"}],"curies":[{"name":"wp","href":"https:\/\/api.w.org\/{rel}","templated":true}]}}