{"id":6241,"date":"2024-11-09T19:58:34","date_gmt":"2024-11-09T18:58:34","guid":{"rendered":"https:\/\/lasonrisadeguille.org\/?post_type=product&#038;p=6241"},"modified":"2025-01-27T21:53:06","modified_gmt":"2025-01-27T20:53:06","slug":"crowdfunding-primer-contrato-como-transportista-de-basura-electronica-desgrava","status":"publish","type":"product","link":"https:\/\/lasonrisadeguille.org\/de\/produkt\/crowdfunding-primer-contrato-como-transportista-de-basura-electronica-desgrava\/","title":{"rendered":"Crowdfunding Erster Vertrag als Elektroschrottverwerter... Es ist kostenlos!"},"content":{"rendered":"<p>Liebe Freunde,<\/p>\n<p>Wir haben hervorragende Neuigkeiten! Wir stehen kurz vor der Unterzeichnung eines wichtigen Vertrages mit einem erstklassigen Unternehmen, das sich f\u00fcr den Transport von Elektronikschrott auf uns verlassen will. F\u00fcr uns ist das der Ansto\u00df, den wir brauchten, um unser Integrations- und Solidarit\u00e4tsprojekt fortzusetzen.<\/p>\n<p>Dieser neue Vertrag wird es uns erm\u00f6glichen, zwei weitere Menschen mit Behinderungen einzustellen, und, was am wichtigsten ist, er wird uns die langfristige Stabilit\u00e4t geben, nach der wir schon so lange gesucht haben.<\/p>\n<p>Um dies zu erreichen, ben\u00f6tigen wir ein wenig Hilfe bei den anf\u00e4nglichen Kosten f\u00fcr den Start und die ersten Monate. Deshalb starten wir diese Crowdfunding-Kampagne, damit Sie uns dabei helfen k\u00f6nnen und unserem Projekt langfristige Stabilit\u00e4t verleihen.<\/p>\n<p>Der Haushalt w\u00fcrde sich wie folgt zusammensetzen:<\/p>\n<ul>\n<li>Urspr\u00fcngliche Ausgaben:\n<ul>\n<li>Beratung (Ausarbeitung von Vertr\u00e4gen): 84,70 \u20ac.<\/li>\n<li>Arbeitsuniformen und pers\u00f6nliche Schutzausr\u00fcstung: 250\u20ac.<\/li>\n<li>Medizinische Untersuchungen und Kurse zur Verh\u00fctung berufsbedingter Risiken: 400 \u20ac.<\/li>\n<li>Unvorhergesehene Ausgaben: 200\u20ac.<\/li>\n<\/ul>\n<\/li>\n<li>Ausgaben des ersten Monats:\n<ul>\n<li>Van mieten: 722,37\u20ac.<\/li>\n<li>Diesel: 1000\u20ac.<\/li>\n<li>Gehaltskosten f\u00fcr zwei Personen mit Behinderungen: 2646\u20ac.<\/li>\n<\/ul>\n<\/li>\n<li>GESAMT: 5303,07<\/li>\n<\/ul>\n<p>Als Dankesch\u00f6n haben wir ein Pr\u00e4mienprogramm aufgelegt, aus dem Sie JEDES Produkt aus unserem Angebot w\u00e4hlen k\u00f6nnen. <a href=\"https:\/\/lasonrisadeguille.org\/de\/tienda-solidaria\/\">Solidarit\u00e4tsladen<\/a> im gleichen Wert wie Ihre Spende. Geben Sie bei Ihrer Spende einfach im Kommentarfeld an, welche Geschenke Sie von uns erhalten m\u00f6chten, und wir werden sie Ihnen umgehend und kostenlos zusenden. Auf diese Weise sparen Sie nicht nur die Versandkosten, sondern k\u00f6nnen auch die ersten 250 \u20ac, die Sie spenden, bei Ihrer n\u00e4chsten Steuererkl\u00e4rung als 80% von der Steuer absetzen.<\/p>\n<p>\u00dcberlegen Sie nicht lange und helfen Sie uns!<\/p>\n<p>K\u00fcsse und Umarmungen,<\/p>\n<p>Guilles L\u00e4cheln<\/p>","protected":false},"excerpt":{"rendered":"<p>Liebe Freunde, wir haben hervorragende Neuigkeiten! Wir stehen kurz vor der Unterzeichnung eines wichtigen Vertrages mit einem erstklassigen Unternehmen, das auf uns f\u00fcr seine Elektroschrotttransporte z\u00e4hlen will. F\u00fcr uns ist das der Ansto\u00df, den wir brauchten, um unser Integrations- und Solidarit\u00e4tsprojekt fortzusetzen. Dieser neue Vertrag wird es uns erm\u00f6glichen, zwei weitere Menschen mit Behinderungen einzustellen, und vor allem wird er uns die langfristige Stabilit\u00e4t geben, nach der wir so lange gesucht haben. Um dies zu erreichen, br\u00e4uchten wir ein wenig Hilfe bei den anf\u00e4nglichen Ausgaben, um den ersten Monat zu \u00fcberstehen. Deshalb starten wir diese Crowdfunding-Kampagne, damit Sie uns dabei helfen k\u00f6nnen, dies zu erreichen und unserem Projekt langfristige Stabilit\u00e4t zu verleihen. Das Budget w\u00fcrde wie folgt aussehen: Anf\u00e4ngliche Kosten: Beratung (Ausarbeitung von Vertr\u00e4gen): 84,70\u20ac Arbeitskleidung und pers\u00f6nliche Schutzausr\u00fcstung: 250\u20ac Medizinische Untersuchungen und Kurse zur Verh\u00fctung von Arbeitsunf\u00e4llen: 400\u20ac Unvorhergesehenes: 200\u20ac Kosten des ersten Monats: Miete eines Lieferwagens: 722,37\u20ac Diesel: 1000\u20ac Gehaltskosten f\u00fcr zwei Menschen mit Behinderungen: 2646\u20ac INSGESAMT: 5303,07 Als Dankesch\u00f6n haben wir ein Pr\u00e4mienprogramm eingerichtet, bei dem Sie ein beliebiges Produkt aus unserem Solidarit\u00e4tsshop im Wert Ihrer Spende ausw\u00e4hlen k\u00f6nnen. Geben Sie bei Ihrer Spende einfach im Kommentarfeld an, welche Geschenke Sie von uns erhalten m\u00f6chten, und wir werden sie Ihnen umgehend und kostenlos zusenden. Auf diese Weise sparen Sie nicht nur die Versandkosten, sondern k\u00f6nnen auch die ersten 250 \u20ac, die Sie spenden, bei Ihrer n\u00e4chsten Steuererkl\u00e4rung als 80% von der Steuer absetzen. \u00dcberlegen Sie nicht lange und HELFEN SIE UNS! K\u00fcsse und Umarmungen, La Sonrisa de Guille<\/p>","protected":false},"featured_media":6269,"template":"","meta":[],"product_brand":[],"product_cat":[31,20],"product_tag":[],"class_list":{"0":"post-6241","1":"product","2":"type-product","3":"status-publish","4":"has-post-thumbnail","6":"product_cat-campanas-solidarias","7":"product_cat-sin-categorizar","9":"first","10":"instock","11":"virtual","12":"purchasable","13":"product-type-simple"},"_links":{"self":[{"href":"https:\/\/lasonrisadeguille.org\/de\/wp-json\/wp\/v2\/product\/6241","targetHints":{"allow":["GET"]}}],"collection":[{"href":"https:\/\/lasonrisadeguille.org\/de\/wp-json\/wp\/v2\/product"}],"about":[{"href":"https:\/\/lasonrisadeguille.org\/de\/wp-json\/wp\/v2\/types\/product"}],"wp:featuredmedia":[{"embeddable":true,"href":"https:\/\/lasonrisadeguille.org\/de\/wp-json\/wp\/v2\/media\/6269"}],"wp:attachment":[{"href":"https:\/\/lasonrisadeguille.org\/de\/wp-json\/wp\/v2\/media?parent=6241"}],"wp:term":[{"taxonomy":"product_brand","embeddable":true,"href":"https:\/\/lasonrisadeguille.org\/de\/wp-json\/wp\/v2\/product_brand?post=6241"},{"taxonomy":"product_cat","embeddable":true,"href":"https:\/\/lasonrisadeguille.org\/de\/wp-json\/wp\/v2\/product_cat?post=6241"},{"taxonomy":"product_tag","embeddable":true,"href":"https:\/\/lasonrisadeguille.org\/de\/wp-json\/wp\/v2\/product_tag?post=6241"}],"curies":[{"name":"wp","href":"https:\/\/api.w.org\/{rel}","templated":true}]}}