{"id":3956,"date":"2023-07-26T18:18:37","date_gmt":"2023-07-26T18:18:37","guid":{"rendered":"https:\/\/lasonrisadeguille.org\/?post_type=product&#038;p=3956"},"modified":"2026-01-15T13:51:51","modified_gmt":"2026-01-15T12:51:51","slug":"hazte-protector-de-la-sonrisa-de-guille","status":"publish","type":"product","link":"https:\/\/lasonrisadeguille.org\/de\/produkt\/hazte-protector-de-la-sonrisa-de-guille\/","title":{"rendered":"Gib uns Stabilit\u00e4t: Werde zum Besch\u00fctzer von Guilles L\u00e4cheln"},"content":{"rendered":"<p>Bei La Sonrisa de Guille brauchen wir Ihre Hilfe, um die Lebensqualit\u00e4t von Menschen mit Behinderungen weiter zu verbessern. Zus\u00e4tzlich zu den spezifischen Projekten haben wir ein weiteres Projekt ins Leben gerufen, das uns helfen soll, unsere monatlichen Ausgaben zu decken, und wir vertrauen darauf, dass Ihre Spende optimal eingesetzt wird. Derzeit belaufen sich die Fixkosten von La Sonrisa de Guille auf etwa 10000\u20ac pro Monat und wir bitten Sie um Ihre Mithilfe, um einen Teil davon zu decken (2000\u20ac\/Monat). Um uns alle \u00fcber den Stand der Dinge zu informieren, haben wir einen Fortschrittsbalken eingerichtet, der uns alle \u00fcber den Grad der Erreichung dieses Ziels informiert... helfen Sie uns, es jeden Monat zu erreichen!<\/p>\n<p>Bei dieser Modalit\u00e4t w\u00e4hlen Sie den Betrag, die H\u00e4ufigkeit und die Zahlungsweise, mit der Garantie, dass Ihre Spende an eine Einrichtung geht, die vom Innenministerium f\u00fcr gemeinn\u00fctzig erkl\u00e4rt wurde. Dar\u00fcber hinaus k\u00f6nnen Sie aus demselben Grund Steuerverg\u00fcnstigungen von bis zu 80% in Anspruch nehmen.<\/p>\n<p>Dies w\u00e4ren einige Beispiele f\u00fcr Steuererleichterungen (weitere Informationen finden Sie in der beigef\u00fcgten Abbildung):<\/p>\n<ul>\n<li>Wenn Sie 15 \u20ac pro Monat spenden, k\u00f6nnen Sie... 36 \u20ac pro Jahr erhalten (steuerlich absetzbar bis zu 144 \u20ac).<\/li>\n<li>Wenn Sie 10 \u20ac\/Monat spenden, k\u00f6nnten Ihre Ausgaben nur 24 \u20ac PRO JAHR betragen (abzugsf\u00e4hig bis zu 96 \u20ac).<\/li>\n<li>Mit 20 \u20ac pro Monat w\u00fcrden Sie uns mit nur 48 \u20ac\/Jahr (steuerlich absetzbar bis zu 192 \u20ac) helfen.<\/li>\n<li>5 \u20ac pro Monat k\u00f6nnten 12 \u20ac\/Jahr bedeuten (Steuerabzug bis zu 48 \u20ac)<\/li>\n<\/ul>\n<p>Wie k\u00f6nnen Sie uns helfen?<\/p>\n<ul>\n<li>wenn du eine ... bist <strong>besondere<\/strong>:\n<ul>\n<li>Wenden Sie sich an die Abteilung f\u00fcr soziale Verantwortung Ihres Unternehmens, um dieses Projekt von La Sonrisa de Guille vorzuschlagen. In vielen F\u00e4llen ver\u00f6ffentlichen Unternehmen Aufforderungen zur Einreichung von Vorschl\u00e4gen, bei denen die Mitarbeiter die Bewerbungen f\u00fcr soziale Projekte einreichen... SCHLAGEN SIE DIESES PROJEKT MIT UNS VOR!<\/li>\n<li>Spenden Sie direkt f\u00fcr dieses Projekt. <strong>Beitr\u00e4ge von Privatpersonen gelten als Spenden und sind bis zu einem Betrag von 80% steuerlich absetzbar (siehe beigef\u00fcgtes Bild). <\/strong>Als Dankesch\u00f6n wird Ihr Name auf unserer Website und in den sozialen Netzwerken ver\u00f6ffentlicht, wenn Sie dies w\u00fcnschen.<\/li>\n<\/ul>\n<\/li>\n<\/ul>\n<p>&nbsp;<\/p>\n<ul>\n<li>F\u00fcr die <strong>Gesch\u00e4ftspartnerschaften<\/strong> Es sind zwei Optionen vorgesehen:\n<ul>\n<li><strong>Reine Spende:<\/strong> Im Gegenzug wird der Beitrag durch eine Ver\u00f6ffentlichung in unseren sozialen Netzwerken oder durch eine Pr\u00e4senz auf unserer Website f\u00fcr einen bestimmten Zeitraum bekannt gemacht. Diese Modalit\u00e4t bringt Folgendes mit sich <strong>Steuererleichterung<\/strong> die dem beigef\u00fcgten Bild entsprechen, werden nicht nur auf die Anforderungen der <strong>Allgemeines Behindertenrecht<\/strong>.<\/li>\n<li><strong>Patenschaft: <\/strong>Es besteht die M\u00f6glichkeit, einen Sponsoringvertrag zwischen dem Unternehmen und La Sonrisa de Guille abzuschlie\u00dfen. Es gibt verschiedene Modalit\u00e4ten, von regelm\u00e4\u00dfigen Ver\u00f6ffentlichungen in unseren sozialen Netzwerken bis hin zur Pr\u00e4senz des Firmenlogos auf unserer Website f\u00fcr eine bestimmte Zeitspanne. Setzen Sie sich mit uns in Verbindung, um die f\u00fcr Ihr Unternehmen am besten geeignete Option zu pr\u00fcfen.<\/li>\n<\/ul>\n<\/li>\n<\/ul>\n<p>Eine so gro\u00dfe Hilfe wird Sie nie so wenig kosten, und vergessen Sie nicht, dass jeder Betrag, egal wie klein, f\u00fcr uns eine gro\u00dfe Hilfe ist. Erinnere dich daran:<\/p>\n<p style=\"text-align: center;\"><em>\u201eViele kleine Leute,<\/em><\/p>\n<p style=\"text-align: center;\"><em>Kleine Dinge tun<\/em><\/p>\n<p style=\"text-align: center;\"><em>Wir k\u00f6nnen die Welt ver\u00e4ndern&quot;<\/em><\/p>\n<p>Die Spendenbescheinigungen werden den Spendern zu Beginn des folgenden Gesch\u00e4ftsjahres zugesandt, sobald das Jahr abgeschlossen ist und die AEAT benachrichtigt wurde.<\/p>","protected":false},"excerpt":{"rendered":"<p>Bei La Sonrisa de Guille brauchen wir Ihre Hilfe, um die Lebensqualit\u00e4t von Menschen mit Behinderungen weiter zu verbessern. Zus\u00e4tzlich zu den spezifischen Projekten haben wir ein weiteres Projekt ins Leben gerufen, das uns helfen soll, unsere monatlichen Ausgaben zu decken, und wir vertrauen darauf, dass Ihre Spende optimal eingesetzt wird. Derzeit belaufen sich die Fixkosten von La Sonrisa de Guille auf etwa 10000\u20ac pro Monat und wir bitten Sie um Ihre Mithilfe, um einen Teil davon zu decken (2000\u20ac\/Monat). Damit wir alle \u00fcber den Stand der Dinge Bescheid wissen, wurde ein Fortschrittsbalken eingerichtet, der uns alle \u00fcber den Grad der Verwirklichung dieses Ziels informiert... helfen Sie uns, es jeden Monat zu erreichen! In diesem Modus w\u00e4hlen Sie den Betrag, die H\u00e4ufigkeit und die Zahlungsmethode, mit der Garantie, dass Ihre Spende an eine vom Innenministerium als gemeinn\u00fctzig anerkannte Einrichtung geht. Dar\u00fcber hinaus k\u00f6nnen Sie aus demselben Grund Steuerverg\u00fcnstigungen von bis zu 80% in Anspruch nehmen. Hier einige Beispiele f\u00fcr Steuererleichterungen (siehe beigef\u00fcgte Abbildung f\u00fcr weitere Informationen): Wenn Sie 15 \u20ac\/Monat spenden, k\u00f6nnen Sie... 36 \u20ac\/Jahr erhalten (Steuererleichterung bis zu 144 \u20ac). Wenn Sie 10 \u20ac\/Monat spenden, k\u00f6nnten Ihre Ausgaben nur 24 \u20ac\/Jahr betragen (steuerlich absetzbar bis zu 96 \u20ac). Mit 20 \u20ac\/Monat k\u00f6nnten Sie uns mit nur 48 \u20ac\/Jahr helfen (steuerlich absetzbar bis 192 \u20ac). 5 \u20ac\/Monat k\u00f6nnten 12 \u20ac\/Jahr sein (steuerlich absetzbar bis 48 \u20ac) Wie k\u00f6nnen Sie uns helfen? Wenn Sie eine Einzelperson sind: Wenden Sie sich an die Abteilung f\u00fcr soziale Verantwortung Ihres Unternehmens und schlagen Sie das Projekt La Sonrisa de Guille vor. Bei vielen Gelegenheiten starten Unternehmen Aufrufe, bei denen die Mitarbeiter die Kandidaturen f\u00fcr soziale Projekte vorstellen... UNTERST\u00dcTZEN SIE DIESES PROJEKT MIT UNS! Machen Sie eine direkte Spende f\u00fcr dieses Projekt. Beitr\u00e4ge von Einzelpersonen werden als Spenden betrachtet und sind bis zu 80% steuerlich absetzbar (siehe beigef\u00fcgtes Bild). Als Dankesch\u00f6n wird Ihr Name auf unserer Website und in den sozialen Netzwerken ver\u00f6ffentlicht, wenn Sie dies w\u00fcnschen.   F\u00fcr Unternehmenskooperationen gibt es zwei M\u00f6glichkeiten: Reine Spende: Im Gegenzug wird der Beitrag durch eine Ver\u00f6ffentlichung in unseren sozialen Netzwerken oder eine Pr\u00e4senz auf unserer Website f\u00fcr einen bestimmten Zeitraum bekannt gemacht. Diese Modalit\u00e4t bringt die Abz\u00fcge mit sich, die dem beigef\u00fcgten Bild entsprechen, und wird auf die Anforderungen des Allgemeinen Gesetzes \u00fcber Behinderungen angerechnet. Sponsoring: Es besteht die M\u00f6glichkeit, einen Sponsoringvertrag zwischen dem Unternehmen und La Sonrisa de Guille abzuschlie\u00dfen. Es gibt verschiedene Modalit\u00e4ten, von regelm\u00e4\u00dfigen Ver\u00f6ffentlichungen in unseren sozialen Netzwerken bis hin zur Pr\u00e4senz des Logos des Unternehmens auf unserer Website f\u00fcr einen bestimmten Zeitraum. Setzen Sie sich mit uns in Verbindung, um die f\u00fcr Ihr Unternehmen am besten geeignete Option zu pr\u00fcfen. So viel Hilfe kostet nie so wenig und vergessen Sie nicht, dass jeder noch so kleine Betrag eine gro\u00dfe Hilfe f\u00fcr uns ist. Denken Sie daran: \"Viele kleine Leute, die kleine Dinge tun, k\u00f6nnen die Welt ver\u00e4ndern\". Die Spendenbescheinigungen werden den Spendern zu Beginn des folgenden Steuerjahres zugesandt, sobald das Jahr abgeschlossen und der AEAT (spanisches Finanzamt) gemeldet ist.<\/p>","protected":false},"featured_media":2112,"template":"","meta":[],"product_brand":[],"product_cat":[20],"product_tag":[],"class_list":{"0":"post-3956","1":"product","2":"type-product","3":"status-publish","4":"has-post-thumbnail","6":"product_cat-sin-categorizar","8":"first","9":"instock","10":"shipping-taxable","11":"purchasable","12":"product-type-variable-subscription"},"_links":{"self":[{"href":"https:\/\/lasonrisadeguille.org\/de\/wp-json\/wp\/v2\/product\/3956","targetHints":{"allow":["GET"]}}],"collection":[{"href":"https:\/\/lasonrisadeguille.org\/de\/wp-json\/wp\/v2\/product"}],"about":[{"href":"https:\/\/lasonrisadeguille.org\/de\/wp-json\/wp\/v2\/types\/product"}],"wp:featuredmedia":[{"embeddable":true,"href":"https:\/\/lasonrisadeguille.org\/de\/wp-json\/wp\/v2\/media\/2112"}],"wp:attachment":[{"href":"https:\/\/lasonrisadeguille.org\/de\/wp-json\/wp\/v2\/media?parent=3956"}],"wp:term":[{"taxonomy":"product_brand","embeddable":true,"href":"https:\/\/lasonrisadeguille.org\/de\/wp-json\/wp\/v2\/product_brand?post=3956"},{"taxonomy":"product_cat","embeddable":true,"href":"https:\/\/lasonrisadeguille.org\/de\/wp-json\/wp\/v2\/product_cat?post=3956"},{"taxonomy":"product_tag","embeddable":true,"href":"https:\/\/lasonrisadeguille.org\/de\/wp-json\/wp\/v2\/product_tag?post=3956"}],"curies":[{"name":"wp","href":"https:\/\/api.w.org\/{rel}","templated":true}]}}